{"id":9743,"date":"2025-05-26T05:17:51","date_gmt":"2025-05-26T05:17:51","guid":{"rendered":"https:\/\/dogmasys.com\/dogmawork\/"},"modified":"2026-01-15T07:13:39","modified_gmt":"2026-01-15T07:13:39","slug":"dogmawork","status":"publish","type":"page","link":"https:\/\/dogmasys.com\/pt-pt\/dogmawork\/","title":{"rendered":"Dogma@Work"},"content":{"rendered":"\t\t<div data-elementor-type=\"wp-page\" data-elementor-id=\"9743\" class=\"elementor elementor-9743 elementor-33\" data-elementor-post-type=\"page\">\n\t\t\t\t<div class=\"elementor-element elementor-element-93ae51d e-flex e-con-boxed e-con e-parent\" data-id=\"93ae51d\" data-element_type=\"container\" data-settings=\"{&quot;background_background&quot;:&quot;gradient&quot;}\">\n\t\t\t\t\t<div class=\"e-con-inner\">\n\t\t<div class=\"elementor-element elementor-element-5fc3772 e-con-full e-flex e-con e-child\" data-id=\"5fc3772\" data-element_type=\"container\">\n\t\t\t\t<div class=\"elementor-element elementor-element-d55821e elementor-widget elementor-widget-heading\" data-id=\"d55821e\" data-element_type=\"widget\" data-widget_type=\"heading.default\">\n\t\t\t\t<div class=\"elementor-widget-container\">\n\t\t\t\t\t<h1 class=\"elementor-heading-title elementor-size-default\">Dogma@Work<\/h1>\t\t\t\t<\/div>\n\t\t\t\t<\/div>\n\t\t<div class=\"elementor-element elementor-element-4f595bc e-con-full e-flex e-con e-child\" data-id=\"4f595bc\" data-element_type=\"container\">\n\t\t<div class=\"elementor-element elementor-element-32f7f95 e-con-full e-flex e-con e-child\" data-id=\"32f7f95\" data-element_type=\"container\">\n\t\t\t\t<div class=\"elementor-element elementor-element-d5b6895 elementor-widget elementor-widget-text-editor\" data-id=\"d5b6895\" data-element_type=\"widget\" data-widget_type=\"text-editor.default\">\n\t\t\t\t<div class=\"elementor-widget-container\">\n\t\t\t\t\t\t\t\t\t<p>Na Dogma Systems, acreditamos que partilhar conhecimento faz parte da promo\u00e7\u00e3o de uma mudan\u00e7a real. \u00c9 por isso que queremos ajud\u00e1-lo a melhorar a forma como trabalha, lidera e faz crescer a sua organiza\u00e7\u00e3o.<\/p>\t\t\t\t\t\t\t\t<\/div>\n\t\t\t\t<\/div>\n\t\t\t\t<\/div>\n\t\t\t\t<\/div>\n\t\t<div class=\"elementor-element elementor-element-87242cc e-con-full e-flex e-con e-child\" data-id=\"87242cc\" data-element_type=\"container\">\n\t\t\t\t<div class=\"elementor-element elementor-element-cef64d3 elementor-shape-circle e-grid-align-left elementor-grid-0 elementor-widget elementor-widget-social-icons\" data-id=\"cef64d3\" data-element_type=\"widget\" data-widget_type=\"social-icons.default\">\n\t\t\t\t<div class=\"elementor-widget-container\">\n\t\t\t\t\t\t\t<div class=\"elementor-social-icons-wrapper elementor-grid\" role=\"list\">\n\t\t\t\t\t\t\t<span class=\"elementor-grid-item\" role=\"listitem\">\n\t\t\t\t\t<a class=\"elementor-icon elementor-social-icon elementor-social-icon-facebook elementor-animation-grow elementor-repeater-item-bc18769\" href=\"https:\/\/www.facebook.com\/DogmaSystems\" target=\"_blank\">\n\t\t\t\t\t\t<span class=\"elementor-screen-only\">Facebook<\/span>\n\t\t\t\t\t\t<svg aria-hidden=\"true\" class=\"e-font-icon-svg e-fab-facebook\" viewBox=\"0 0 512 512\" xmlns=\"http:\/\/www.w3.org\/2000\/svg\"><path d=\"M504 256C504 119 393 8 256 8S8 119 8 256c0 123.78 90.69 226.38 209.25 245V327.69h-63V256h63v-54.64c0-62.15 37-96.48 93.67-96.48 27.14 0 55.52 4.84 55.52 4.84v61h-31.28c-30.8 0-40.41 19.12-40.41 38.73V256h68.78l-11 71.69h-57.78V501C413.31 482.38 504 379.78 504 256z\"><\/path><\/svg>\t\t\t\t\t<\/a>\n\t\t\t\t<\/span>\n\t\t\t\t\t\t\t<span class=\"elementor-grid-item\" role=\"listitem\">\n\t\t\t\t\t<a class=\"elementor-icon elementor-social-icon elementor-social-icon-x-twitter elementor-animation-grow elementor-repeater-item-1e0ddb2\" href=\"https:\/\/x.com\/DogmaSys\" target=\"_blank\">\n\t\t\t\t\t\t<span class=\"elementor-screen-only\">X-twitter<\/span>\n\t\t\t\t\t\t<svg aria-hidden=\"true\" class=\"e-font-icon-svg e-fab-x-twitter\" viewBox=\"0 0 512 512\" xmlns=\"http:\/\/www.w3.org\/2000\/svg\"><path d=\"M389.2 48h70.6L305.6 224.2 487 464H345L233.7 318.6 106.5 464H35.8L200.7 275.5 26.8 48H172.4L272.9 180.9 389.2 48zM364.4 421.8h39.1L151.1 88h-42L364.4 421.8z\"><\/path><\/svg>\t\t\t\t\t<\/a>\n\t\t\t\t<\/span>\n\t\t\t\t\t\t\t<span class=\"elementor-grid-item\" role=\"listitem\">\n\t\t\t\t\t<a class=\"elementor-icon elementor-social-icon elementor-social-icon-linkedin elementor-animation-grow elementor-repeater-item-4f084fd\" href=\"https:\/\/www.linkedin.com\/company\/dogma-c3x\" target=\"_blank\">\n\t\t\t\t\t\t<span class=\"elementor-screen-only\">Linkedin<\/span>\n\t\t\t\t\t\t<svg aria-hidden=\"true\" class=\"e-font-icon-svg e-fab-linkedin\" viewBox=\"0 0 448 512\" xmlns=\"http:\/\/www.w3.org\/2000\/svg\"><path d=\"M416 32H31.9C14.3 32 0 46.5 0 64.3v383.4C0 465.5 14.3 480 31.9 480H416c17.6 0 32-14.5 32-32.3V64.3c0-17.8-14.4-32.3-32-32.3zM135.4 416H69V202.2h66.5V416zm-33.2-243c-21.3 0-38.5-17.3-38.5-38.5S80.9 96 102.2 96c21.2 0 38.5 17.3 38.5 38.5 0 21.3-17.2 38.5-38.5 38.5zm282.1 243h-66.4V312c0-24.8-.5-56.7-34.5-56.7-34.6 0-39.9 27-39.9 54.9V416h-66.4V202.2h63.7v29.2h.9c8.9-16.8 30.6-34.5 62.9-34.5 67.2 0 79.7 44.3 79.7 101.9V416z\"><\/path><\/svg>\t\t\t\t\t<\/a>\n\t\t\t\t<\/span>\n\t\t\t\t\t<\/div>\n\t\t\t\t\t\t<\/div>\n\t\t\t\t<\/div>\n\t\t\t\t<\/div>\n\t\t\t\t<\/div>\n\t\t\t\t\t<\/div>\n\t\t\t\t<\/div>\n\t\t<div class=\"elementor-element elementor-element-263408c e-flex e-con-boxed e-con e-parent\" data-id=\"263408c\" data-element_type=\"container\">\n\t\t\t\t\t<div class=\"e-con-inner\">\n\t\t\t\t<div class=\"elementor-element elementor-element-6a014ed elementor-widget elementor-widget-heading\" data-id=\"6a014ed\" data-element_type=\"widget\" data-widget_type=\"heading.default\">\n\t\t\t\t<div class=\"elementor-widget-container\">\n\t\t\t\t\t<h2 class=\"elementor-heading-title elementor-size-default\">Dogma@Work <span style=\"color: red\">Comunidade de Inova\u00e7\u00e3o<\/span><\/h2>\t\t\t\t<\/div>\n\t\t\t\t<\/div>\n\t\t<div class=\"elementor-element elementor-element-21d3fe2 e-con-full e-flex e-con e-child\" data-id=\"21d3fe2\" data-element_type=\"container\">\n\t\t<div class=\"elementor-element elementor-element-4b27c8a e-con-full e-flex e-con e-child\" data-id=\"4b27c8a\" data-element_type=\"container\">\n\t\t<div class=\"elementor-element elementor-element-22bb771 e-con-full e-flex e-con e-child\" data-id=\"22bb771\" data-element_type=\"container\">\n\t\t\t\t<div class=\"elementor-element elementor-element-2241680 e-n-tabs-mobile elementor-widget elementor-widget-n-tabs\" data-id=\"2241680\" data-element_type=\"widget\" data-settings=\"{&quot;tabs_justify_horizontal&quot;:&quot;start&quot;,&quot;tabs_justify_horizontal_mobile&quot;:&quot;start&quot;,&quot;horizontal_scroll&quot;:&quot;disable&quot;}\" data-widget_type=\"nested-tabs.default\">\n\t\t\t\t<div class=\"elementor-widget-container\">\n\t\t\t\t\t\t\t<div class=\"e-n-tabs\" data-widget-number=\"35919488\" aria-label=\"Tabs. Open items with Enter or Space, close with Escape and navigate using the Arrow keys.\">\n\t\t\t<div class=\"e-n-tabs-heading\" role=\"tablist\">\n\t\t\t\t\t<button id=\"e-n-tab-title-359194881\" data-tab-title-id=\"e-n-tab-title-359194881\" class=\"e-n-tab-title\" aria-selected=\"true\" data-tab-index=\"1\" role=\"tab\" tabindex=\"0\" aria-controls=\"e-n-tab-content-359194881\" style=\"--n-tabs-title-order: 1;\">\n\t\t\t\t\t\t<span class=\"e-n-tab-title-text\">\n\t\t\t\tMais recentes\t\t\t<\/span>\n\t\t<\/button>\n\t\t\t\t<button id=\"e-n-tab-title-359194882\" data-tab-title-id=\"e-n-tab-title-359194882\" class=\"e-n-tab-title\" aria-selected=\"false\" data-tab-index=\"2\" role=\"tab\" tabindex=\"-1\" aria-controls=\"e-n-tab-content-359194882\" style=\"--n-tabs-title-order: 2;\">\n\t\t\t\t\t\t<span class=\"e-n-tab-title-text\">\n\t\t\t\tTend\u00eancias\t\t\t<\/span>\n\t\t<\/button>\n\t\t\t\t<button id=\"e-n-tab-title-359194883\" data-tab-title-id=\"e-n-tab-title-359194883\" class=\"e-n-tab-title\" aria-selected=\"false\" data-tab-index=\"3\" role=\"tab\" tabindex=\"-1\" aria-controls=\"e-n-tab-content-359194883\" style=\"--n-tabs-title-order: 3;\">\n\t\t\t\t\t\t<span class=\"e-n-tab-title-text\">\n\t\t\t\tA seguir\t\t\t<\/span>\n\t\t<\/button>\n\t\t\t\t\t<\/div>\n\t\t\t<div class=\"e-n-tabs-content\">\n\t\t\t\t<div id=\"e-n-tab-content-359194881\" role=\"tabpanel\" aria-labelledby=\"e-n-tab-title-359194881\" data-tab-index=\"1\" style=\"--n-tabs-title-order: 1;\" class=\"e-active elementor-element elementor-element-deec6fc e-con-full e-flex e-con e-child\" data-id=\"deec6fc\" data-element_type=\"container\">\n\t\t\t\t<div class=\"elementor-element elementor-element-ac52a48 elementor-grid-3 elementor-grid-tablet-2 elementor-grid-mobile-1 elementor-widget elementor-widget-loop-grid\" data-id=\"ac52a48\" data-element_type=\"widget\" data-settings=\"{&quot;template_id&quot;:10294,&quot;row_gap&quot;:{&quot;unit&quot;:&quot;px&quot;,&quot;size&quot;:30,&quot;sizes&quot;:[]},&quot;_skin&quot;:&quot;post&quot;,&quot;columns&quot;:&quot;3&quot;,&quot;columns_tablet&quot;:&quot;2&quot;,&quot;columns_mobile&quot;:&quot;1&quot;,&quot;edit_handle_selector&quot;:&quot;[data-elementor-type=\\&quot;loop-item\\&quot;]&quot;,&quot;row_gap_widescreen&quot;:{&quot;unit&quot;:&quot;px&quot;,&quot;size&quot;:&quot;&quot;,&quot;sizes&quot;:[]},&quot;row_gap_tablet&quot;:{&quot;unit&quot;:&quot;px&quot;,&quot;size&quot;:&quot;&quot;,&quot;sizes&quot;:[]},&quot;row_gap_mobile&quot;:{&quot;unit&quot;:&quot;px&quot;,&quot;size&quot;:&quot;&quot;,&quot;sizes&quot;:[]}}\" data-widget_type=\"loop-grid.post\">\n\t\t\t\t<div class=\"elementor-widget-container\">\n\t\t\t\t\t\t\t<div class=\"e-loop-nothing-found-message\">\n\t\t<\/div>\n\t\t\t\t\t\t<\/div>\n\t\t\t\t<\/div>\n\t\t\t\t<\/div>\n\t\t<div id=\"e-n-tab-content-359194882\" role=\"tabpanel\" aria-labelledby=\"e-n-tab-title-359194882\" data-tab-index=\"2\" style=\"--n-tabs-title-order: 2;\" class=\" elementor-element elementor-element-103cd3d e-con-full e-flex e-con e-child\" data-id=\"103cd3d\" data-element_type=\"container\">\n\t\t\t\t<div class=\"elementor-element elementor-element-2dd2c3d elementor-grid-3 elementor-grid-tablet-2 elementor-grid-mobile-1 elementor-widget elementor-widget-loop-grid\" data-id=\"2dd2c3d\" data-element_type=\"widget\" data-settings=\"{&quot;template_id&quot;:10294,&quot;row_gap&quot;:{&quot;unit&quot;:&quot;px&quot;,&quot;size&quot;:30,&quot;sizes&quot;:[]},&quot;_skin&quot;:&quot;post&quot;,&quot;columns&quot;:&quot;3&quot;,&quot;columns_tablet&quot;:&quot;2&quot;,&quot;columns_mobile&quot;:&quot;1&quot;,&quot;edit_handle_selector&quot;:&quot;[data-elementor-type=\\&quot;loop-item\\&quot;]&quot;,&quot;row_gap_widescreen&quot;:{&quot;unit&quot;:&quot;px&quot;,&quot;size&quot;:&quot;&quot;,&quot;sizes&quot;:[]},&quot;row_gap_tablet&quot;:{&quot;unit&quot;:&quot;px&quot;,&quot;size&quot;:&quot;&quot;,&quot;sizes&quot;:[]},&quot;row_gap_mobile&quot;:{&quot;unit&quot;:&quot;px&quot;,&quot;size&quot;:&quot;&quot;,&quot;sizes&quot;:[]}}\" data-widget_type=\"loop-grid.post\">\n\t\t\t\t<div class=\"elementor-widget-container\">\n\t\t\t\t\t\t\t<div class=\"e-loop-nothing-found-message\">\n\t\t<\/div>\n\t\t\t\t\t\t<\/div>\n\t\t\t\t<\/div>\n\t\t\t\t<\/div>\n\t\t<div id=\"e-n-tab-content-359194883\" role=\"tabpanel\" aria-labelledby=\"e-n-tab-title-359194883\" data-tab-index=\"3\" style=\"--n-tabs-title-order: 3;\" class=\" elementor-element elementor-element-931e06b e-con-full e-flex e-con e-child\" data-id=\"931e06b\" data-element_type=\"container\">\n\t\t\t\t<div class=\"elementor-element elementor-element-e164d85 elementor-grid-3 elementor-grid-tablet-2 elementor-grid-mobile-1 elementor-widget elementor-widget-loop-grid\" data-id=\"e164d85\" data-element_type=\"widget\" data-settings=\"{&quot;template_id&quot;:10294,&quot;row_gap&quot;:{&quot;unit&quot;:&quot;px&quot;,&quot;size&quot;:30,&quot;sizes&quot;:[]},&quot;_skin&quot;:&quot;post&quot;,&quot;columns&quot;:&quot;3&quot;,&quot;columns_tablet&quot;:&quot;2&quot;,&quot;columns_mobile&quot;:&quot;1&quot;,&quot;edit_handle_selector&quot;:&quot;[data-elementor-type=\\&quot;loop-item\\&quot;]&quot;,&quot;row_gap_widescreen&quot;:{&quot;unit&quot;:&quot;px&quot;,&quot;size&quot;:&quot;&quot;,&quot;sizes&quot;:[]},&quot;row_gap_tablet&quot;:{&quot;unit&quot;:&quot;px&quot;,&quot;size&quot;:&quot;&quot;,&quot;sizes&quot;:[]},&quot;row_gap_mobile&quot;:{&quot;unit&quot;:&quot;px&quot;,&quot;size&quot;:&quot;&quot;,&quot;sizes&quot;:[]}}\" data-widget_type=\"loop-grid.post\">\n\t\t\t\t<div class=\"elementor-widget-container\">\n\t\t\t\t\t\t\t<div class=\"e-loop-nothing-found-message\">\n\t\t<\/div>\n\t\t\t\t\t\t<\/div>\n\t\t\t\t<\/div>\n\t\t\t\t<\/div>\n\t\t\t\t\t<\/div>\n\t\t<\/div>\n\t\t\t\t\t\t<\/div>\n\t\t\t\t<\/div>\n\t\t\t\t<\/div>\n\t\t\t\t<\/div>\n\t\t<div class=\"elementor-element elementor-element-36d73d0 e-con-full e-flex e-con e-child\" data-id=\"36d73d0\" data-element_type=\"container\">\n\t\t\t\t<\/div>\n\t\t\t\t<\/div>\n\t\t\t\t\t<\/div>\n\t\t\t\t<\/div>\n\t\t<div class=\"elementor-element elementor-element-3788eb1 e-flex e-con-boxed e-con e-parent\" data-id=\"3788eb1\" data-element_type=\"container\" data-settings=\"{&quot;background_background&quot;:&quot;classic&quot;}\">\n\t\t\t\t\t<div class=\"e-con-inner\">\n\t\t<div class=\"elementor-element elementor-element-f228b5c e-con-full e-flex e-con e-child\" data-id=\"f228b5c\" data-element_type=\"container\">\n\t\t<div class=\"elementor-element elementor-element-ebef442 e-con-full e-flex e-con e-child\" data-id=\"ebef442\" data-element_type=\"container\">\n\t\t\t\t<div class=\"elementor-element elementor-element-67467a8 elementor-widget elementor-widget-heading\" data-id=\"67467a8\" data-element_type=\"widget\" data-widget_type=\"heading.default\">\n\t\t\t\t<div class=\"elementor-widget-container\">\n\t\t\t\t\t<h3 class=\"elementor-heading-title elementor-size-default\">Subscreva o Dogma@Work<\/h3>\t\t\t\t<\/div>\n\t\t\t\t<\/div>\n\t\t\t\t<div class=\"elementor-element elementor-element-da3d0bf elementor-widget__width-initial elementor-widget elementor-widget-text-editor\" data-id=\"da3d0bf\" data-element_type=\"widget\" data-widget_type=\"text-editor.default\">\n\t\t\t\t<div class=\"elementor-widget-container\">\n\t\t\t\t\t\t\t\t\t<p>Quer ideias inovadoras, informa\u00e7\u00f5es reais e conselhos pr\u00e1ticos para transformar a sua forma de trabalhar? O Dogma@Work traz-lhe hist\u00f3rias, estrat\u00e9gias e tend\u00eancias sobre lideran\u00e7a, cultura, experi\u00eancia do colaborador e ciberseguran\u00e7a, com um tom realista e dicas pr\u00e1ticas.<\/p>\t\t\t\t\t\t\t\t<\/div>\n\t\t\t\t<\/div>\n\t\t\t\t<\/div>\n\t\t\t\t<\/div>\n\t\t<div class=\"elementor-element elementor-element-5726d87 e-con-full how-ready e-flex e-con e-child\" data-id=\"5726d87\" data-element_type=\"container\">\n\t\t\t\t<div class=\"elementor-element elementor-element-06640ee elementor-widget elementor-widget-html\" data-id=\"06640ee\" data-element_type=\"widget\" data-widget_type=\"html.default\">\n\t\t\t\t<div class=\"elementor-widget-container\">\n\t\t\t\t\t<form class=\"custom-subscribe-form\" action=\"#\" method=\"post\">\r\n  <input type=\"email\" placeholder=\"Introduza o seu e-mail para subscrever\" required=\"\">\r\n  <button type=\"submit\">Subscrever<\/button>\r\n<\/form>\r\n\t\t\t\t<\/div>\n\t\t\t\t<\/div>\n\t\t\t\t<\/div>\n\t\t\t\t\t<\/div>\n\t\t\t\t<\/div>\n\t\t\t\t<\/div>\n\t\t","protected":false},"excerpt":{"rendered":"<p>Dogma@Work Na Dogma Systems, acreditamos que partilhar conhecimento faz parte da promo\u00e7\u00e3o de uma mudan\u00e7a real. \u00c9 por isso que queremos ajud\u00e1-lo a melhorar a forma como trabalha, lidera e faz crescer a sua organiza\u00e7\u00e3o. Facebook X-twitter Linkedin Dogma@Work Comunidade de Inova\u00e7\u00e3o Mais recentes Tend\u00eancias A seguir January 13, 2026 Read More December 29, 2025 [&hellip;]<\/p>\n","protected":false},"author":1,"featured_media":0,"parent":0,"menu_order":0,"comment_status":"closed","ping_status":"closed","template":"","meta":{"footnotes":""},"class_list":["post-9743","page","type-page","status-publish","hentry"],"yoast_head":"<!-- This site is optimized with the Yoast SEO plugin v26.8 - https:\/\/yoast.com\/product\/yoast-seo-wordpress\/ -->\n<title>DogmaWork - Dogma System<\/title>\n<meta name=\"description\" content=\"A DogmaWork - Dogma System oferece ferramentas inteligentes para aumentar a produtividade, otimizar os fluxos de trabalho e ajudar as equipas a alcan\u00e7ar melhores resultados de forma mais r\u00e1pida.\" \/>\n<meta name=\"robots\" content=\"index, follow, max-snippet:-1, max-image-preview:large, max-video-preview:-1\" \/>\n<link rel=\"canonical\" href=\"https:\/\/dogmasys.com\/pt-pt\/dogmawork\/\" \/>\n<meta property=\"og:locale\" content=\"pt_PT\" \/>\n<meta property=\"og:type\" content=\"article\" \/>\n<meta property=\"og:title\" content=\"DogmaWork - Dogma System\" \/>\n<meta property=\"og:description\" content=\"A DogmaWork - Dogma System oferece ferramentas inteligentes para aumentar a produtividade, otimizar os fluxos de trabalho e ajudar as equipas a alcan\u00e7ar melhores resultados de forma mais r\u00e1pida.\" \/>\n<meta property=\"og:url\" content=\"https:\/\/dogmasys.com\/pt-pt\/dogmawork\/\" \/>\n<meta property=\"og:site_name\" content=\"Dogma System\" \/>\n<meta property=\"article:modified_time\" content=\"2026-01-15T07:13:39+00:00\" \/>\n<meta name=\"twitter:card\" content=\"summary_large_image\" \/>\n<meta name=\"twitter:label1\" content=\"Tempo estimado de leitura\" \/>\n\t<meta name=\"twitter:data1\" content=\"3 minutos\" \/>\n<script type=\"application\/ld+json\" class=\"yoast-schema-graph\">{\"@context\":\"https:\/\/schema.org\",\"@graph\":[{\"@type\":\"WebPage\",\"@id\":\"https:\/\/dogmasys.com\/pt-pt\/dogmawork\/\",\"url\":\"https:\/\/dogmasys.com\/pt-pt\/dogmawork\/\",\"name\":\"DogmaWork - Dogma System\",\"isPartOf\":{\"@id\":\"https:\/\/dogmasys.com\/pt-pt\/#website\"},\"datePublished\":\"2025-05-26T05:17:51+00:00\",\"dateModified\":\"2026-01-15T07:13:39+00:00\",\"description\":\"A DogmaWork - Dogma System oferece ferramentas inteligentes para aumentar a produtividade, otimizar os fluxos de trabalho e ajudar as equipas a alcan\u00e7ar melhores resultados de forma mais r\u00e1pida.\",\"breadcrumb\":{\"@id\":\"https:\/\/dogmasys.com\/pt-pt\/dogmawork\/#breadcrumb\"},\"inLanguage\":\"pt-PT\",\"potentialAction\":[{\"@type\":\"ReadAction\",\"target\":[\"https:\/\/dogmasys.com\/pt-pt\/dogmawork\/\"]}]},{\"@type\":\"BreadcrumbList\",\"@id\":\"https:\/\/dogmasys.com\/pt-pt\/dogmawork\/#breadcrumb\",\"itemListElement\":[{\"@type\":\"ListItem\",\"position\":1,\"name\":\"Home\",\"item\":\"https:\/\/dogmasys.com\/pt-pt\/inicio\/\"},{\"@type\":\"ListItem\",\"position\":2,\"name\":\"Dogma@Work\"}]},{\"@type\":\"WebSite\",\"@id\":\"https:\/\/dogmasys.com\/pt-pt\/#website\",\"url\":\"https:\/\/dogmasys.com\/pt-pt\/\",\"name\":\"Dogma System\",\"description\":\"\",\"publisher\":{\"@id\":\"https:\/\/dogmasys.com\/pt-pt\/#organization\"},\"potentialAction\":[{\"@type\":\"SearchAction\",\"target\":{\"@type\":\"EntryPoint\",\"urlTemplate\":\"https:\/\/dogmasys.com\/pt-pt\/?s={search_term_string}\"},\"query-input\":{\"@type\":\"PropertyValueSpecification\",\"valueRequired\":true,\"valueName\":\"search_term_string\"}}],\"inLanguage\":\"pt-PT\"},{\"@type\":\"Organization\",\"@id\":\"https:\/\/dogmasys.com\/pt-pt\/#organization\",\"name\":\"Dogma System\",\"url\":\"https:\/\/dogmasys.com\/pt-pt\/\",\"logo\":{\"@type\":\"ImageObject\",\"inLanguage\":\"pt-PT\",\"@id\":\"https:\/\/dogmasys.com\/pt-pt\/#\/schema\/logo\/image\/\",\"url\":\"https:\/\/dogmasys.com\/wp-content\/uploads\/2025\/06\/cropped-Dogma-logo-final.png\",\"contentUrl\":\"https:\/\/dogmasys.com\/wp-content\/uploads\/2025\/06\/cropped-Dogma-logo-final.png\",\"width\":1781,\"height\":550,\"caption\":\"Dogma System\"},\"image\":{\"@id\":\"https:\/\/dogmasys.com\/pt-pt\/#\/schema\/logo\/image\/\"}}]}<\/script>\n<!-- \/ Yoast SEO plugin. -->","yoast_head_json":{"title":"DogmaWork - Dogma System","description":"A DogmaWork - Dogma System oferece ferramentas inteligentes para aumentar a produtividade, otimizar os fluxos de trabalho e ajudar as equipas a alcan\u00e7ar melhores resultados de forma mais r\u00e1pida.","robots":{"index":"index","follow":"follow","max-snippet":"max-snippet:-1","max-image-preview":"max-image-preview:large","max-video-preview":"max-video-preview:-1"},"canonical":"https:\/\/dogmasys.com\/pt-pt\/dogmawork\/","og_locale":"pt_PT","og_type":"article","og_title":"DogmaWork - Dogma System","og_description":"A DogmaWork - Dogma System oferece ferramentas inteligentes para aumentar a produtividade, otimizar os fluxos de trabalho e ajudar as equipas a alcan\u00e7ar melhores resultados de forma mais r\u00e1pida.","og_url":"https:\/\/dogmasys.com\/pt-pt\/dogmawork\/","og_site_name":"Dogma System","article_modified_time":"2026-01-15T07:13:39+00:00","twitter_card":"summary_large_image","twitter_misc":{"Tempo estimado de leitura":"3 minutos"},"schema":{"@context":"https:\/\/schema.org","@graph":[{"@type":"WebPage","@id":"https:\/\/dogmasys.com\/pt-pt\/dogmawork\/","url":"https:\/\/dogmasys.com\/pt-pt\/dogmawork\/","name":"DogmaWork - Dogma System","isPartOf":{"@id":"https:\/\/dogmasys.com\/pt-pt\/#website"},"datePublished":"2025-05-26T05:17:51+00:00","dateModified":"2026-01-15T07:13:39+00:00","description":"A DogmaWork - Dogma System oferece ferramentas inteligentes para aumentar a produtividade, otimizar os fluxos de trabalho e ajudar as equipas a alcan\u00e7ar melhores resultados de forma mais r\u00e1pida.","breadcrumb":{"@id":"https:\/\/dogmasys.com\/pt-pt\/dogmawork\/#breadcrumb"},"inLanguage":"pt-PT","potentialAction":[{"@type":"ReadAction","target":["https:\/\/dogmasys.com\/pt-pt\/dogmawork\/"]}]},{"@type":"BreadcrumbList","@id":"https:\/\/dogmasys.com\/pt-pt\/dogmawork\/#breadcrumb","itemListElement":[{"@type":"ListItem","position":1,"name":"Home","item":"https:\/\/dogmasys.com\/pt-pt\/inicio\/"},{"@type":"ListItem","position":2,"name":"Dogma@Work"}]},{"@type":"WebSite","@id":"https:\/\/dogmasys.com\/pt-pt\/#website","url":"https:\/\/dogmasys.com\/pt-pt\/","name":"Dogma System","description":"","publisher":{"@id":"https:\/\/dogmasys.com\/pt-pt\/#organization"},"potentialAction":[{"@type":"SearchAction","target":{"@type":"EntryPoint","urlTemplate":"https:\/\/dogmasys.com\/pt-pt\/?s={search_term_string}"},"query-input":{"@type":"PropertyValueSpecification","valueRequired":true,"valueName":"search_term_string"}}],"inLanguage":"pt-PT"},{"@type":"Organization","@id":"https:\/\/dogmasys.com\/pt-pt\/#organization","name":"Dogma System","url":"https:\/\/dogmasys.com\/pt-pt\/","logo":{"@type":"ImageObject","inLanguage":"pt-PT","@id":"https:\/\/dogmasys.com\/pt-pt\/#\/schema\/logo\/image\/","url":"https:\/\/dogmasys.com\/wp-content\/uploads\/2025\/06\/cropped-Dogma-logo-final.png","contentUrl":"https:\/\/dogmasys.com\/wp-content\/uploads\/2025\/06\/cropped-Dogma-logo-final.png","width":1781,"height":550,"caption":"Dogma System"},"image":{"@id":"https:\/\/dogmasys.com\/pt-pt\/#\/schema\/logo\/image\/"}}]}},"_links":{"self":[{"href":"https:\/\/dogmasys.com\/pt-pt\/wp-json\/wp\/v2\/pages\/9743","targetHints":{"allow":["GET"]}}],"collection":[{"href":"https:\/\/dogmasys.com\/pt-pt\/wp-json\/wp\/v2\/pages"}],"about":[{"href":"https:\/\/dogmasys.com\/pt-pt\/wp-json\/wp\/v2\/types\/page"}],"author":[{"embeddable":true,"href":"https:\/\/dogmasys.com\/pt-pt\/wp-json\/wp\/v2\/users\/1"}],"replies":[{"embeddable":true,"href":"https:\/\/dogmasys.com\/pt-pt\/wp-json\/wp\/v2\/comments?post=9743"}],"version-history":[{"count":2,"href":"https:\/\/dogmasys.com\/pt-pt\/wp-json\/wp\/v2\/pages\/9743\/revisions"}],"predecessor-version":[{"id":9750,"href":"https:\/\/dogmasys.com\/pt-pt\/wp-json\/wp\/v2\/pages\/9743\/revisions\/9750"}],"wp:attachment":[{"href":"https:\/\/dogmasys.com\/pt-pt\/wp-json\/wp\/v2\/media?parent=9743"}],"curies":[{"name":"wp","href":"https:\/\/api.w.org\/{rel}","templated":true}]}}